{"id":33,"date":"2022-02-17T16:05:52","date_gmt":"2022-02-17T16:05:52","guid":{"rendered":"https:\/\/holmbergtraining.dk\/?page_id=33"},"modified":"2022-03-31T15:51:40","modified_gmt":"2022-03-31T15:51:40","slug":"anmeldelser","status":"publish","type":"page","link":"https:\/\/holmbergtraining.dk\/en\/anmeldelser\/","title":{"rendered":"Anmeldelser"},"content":{"rendered":"<div data-elementor-type=\"wp-page\" data-elementor-id=\"33\" class=\"elementor elementor-33\" data-elementor-post-type=\"page\">\n\t\t\t\t\t\t<section class=\"elementor-section elementor-top-section elementor-element elementor-element-57042549 elementor-section-height-min-height elementor-section-content-middle elementor-section-boxed elementor-section-height-default elementor-section-items-middle\" data-id=\"57042549\" data-element_type=\"section\" data-settings=\"{&quot;background_background&quot;:&quot;classic&quot;}\">\n\t\t\t\t\t\t\t<div class=\"elementor-background-overlay\"><\/div>\n\t\t\t\t\t\t\t<div class=\"elementor-container elementor-column-gap-default\">\n\t\t\t\t\t<div class=\"elementor-column elementor-col-100 elementor-top-column elementor-element elementor-element-7a942ff8\" data-id=\"7a942ff8\" data-element_type=\"column\">\n\t\t\t<div class=\"elementor-widget-wrap elementor-element-populated\">\n\t\t\t\t\t\t<div class=\"elementor-element elementor-element-256b21f5 elementor-widget elementor-widget-heading\" data-id=\"256b21f5\" data-element_type=\"widget\" data-widget_type=\"heading.default\">\n\t\t\t\t<div class=\"elementor-widget-container\">\n\t\t\t\t\t<h2 class=\"elementor-heading-title elementor-size-default\">Anmeldelser<\/h2>\t\t\t\t<\/div>\n\t\t\t\t<\/div>\n\t\t\t\t\t<\/div>\n\t\t<\/div>\n\t\t\t\t\t<\/div>\n\t\t<\/section>\n\t\t\t\t<section class=\"elementor-section elementor-top-section elementor-element elementor-element-03a951c elementor-section-boxed elementor-section-height-default elementor-section-height-default\" data-id=\"03a951c\" data-element_type=\"section\">\n\t\t\t\t\t\t<div class=\"elementor-container elementor-column-gap-default\">\n\t\t\t\t\t<div class=\"elementor-column elementor-col-50 elementor-top-column elementor-element elementor-element-dfe2c06\" data-id=\"dfe2c06\" data-element_type=\"column\">\n\t\t\t<div class=\"elementor-widget-wrap elementor-element-populated\">\n\t\t\t\t\t\t<div class=\"elementor-element elementor-element-5a32b15 elementor-widget elementor-widget-text-editor\" data-id=\"5a32b15\" data-element_type=\"widget\" data-widget_type=\"text-editor.default\">\n\t\t\t\t<div class=\"elementor-widget-container\">\n\t\t\t\t\t\t\t\t\t<p><span style=\"font-weight: 400\">\u201cJeg kontaktede Sebastian fordi jeg l\u00e6nge havde haft et stort \u00f8nske om at tabe mig og samtidig f\u00e5 en tonet og styrket krop.\u00a0<\/span><span style=\"font-weight: 400\">Min motivation var stor men jeg f\u00f8lte mig b\u00e5de usikker og modl\u00f8s i et tr\u00e6ningscenter, hvilket afholdt mig fra at tr\u00e6ne.\u00a0<\/span><\/p><p><span style=\"font-weight: 400\">Vi aftalte at tr\u00e6ne sammen to timer om ugen og efter 9 ugers tr\u00e6ning er jeg fuldst\u00e6ndigt bl\u00e6st bagover af de synlige forandringer, der er sket med min krop.\u00a0<\/span><span style=\"font-weight: 400\">Jeg f\u00f8ler mig markant mere styrket b\u00e5de fysisk og mentalt. Min kondition er tydeligt bedret og usikkerheden jeg havde ved at v\u00e6re i et tr\u00e6ningscenter er stort set forsvundet.\u00a0<\/span><span style=\"font-weight: 400\">Programmerne som Sebastian har lagt til mig er afvekslende, sjove og lige tilpas udfordrende til at jeg udvikler mig og samtidig bevarer min motivation.\u00a0<\/span><\/p><p><span style=\"font-weight: 400\">Sebastian er n\u00e6rv\u00e6rende og virkelig engageret omkring, at tr\u00e6ningen skal f\u00f8les meningsfuld og motiverende. Han arbejder som en dybt professionel tr\u00e6ner og har mine varmeste anbefalinger.\u201d<\/span><\/p><p><em>Tanja K.<\/em><\/p>\t\t\t\t\t\t\t\t<\/div>\n\t\t\t\t<\/div>\n\t\t\t\t\t<\/div>\n\t\t<\/div>\n\t\t\t\t<div class=\"elementor-column elementor-col-50 elementor-top-column elementor-element elementor-element-29cbe36\" data-id=\"29cbe36\" data-element_type=\"column\">\n\t\t\t<div class=\"elementor-widget-wrap elementor-element-populated\">\n\t\t\t\t\t\t<div class=\"elementor-element elementor-element-7c8a419 elementor-widget elementor-widget-image\" data-id=\"7c8a419\" data-element_type=\"widget\" data-widget_type=\"image.default\">\n\t\t\t\t<div class=\"elementor-widget-container\">\n\t\t\t\t\t\t\t\t\t\t\t\t\t\t\t<img decoding=\"async\" src=\"https:\/\/holmbergtraining.dk\/wp-content\/uploads\/elementor\/thumbs\/a_crop-pmogcdiy3awn9phlrtawjgotxn6iqequgautq386ns.jpg\" title=\"a_crop\" alt=\"a_crop\" loading=\"lazy\" \/>\t\t\t\t\t\t\t\t\t\t\t\t\t\t\t<\/div>\n\t\t\t\t<\/div>\n\t\t\t\t\t<\/div>\n\t\t<\/div>\n\t\t\t\t\t<\/div>\n\t\t<\/section>\n\t\t\t\t<\/div>","protected":false},"excerpt":{"rendered":"<p>Anmeldelser \u201cJeg kontaktede Sebastian fordi jeg l\u00e6nge havde haft et stort \u00f8nske om at tabe mig og samtidig f\u00e5 en tonet og styrket krop.\u00a0Min motivation var stor men jeg f\u00f8lte mig b\u00e5de usikker og modl\u00f8s i et tr\u00e6ningscenter, hvilket afholdt mig fra at tr\u00e6ne.\u00a0 Vi aftalte at tr\u00e6ne sammen to timer om ugen og efter [&hellip;]<\/p>","protected":false},"author":1,"featured_media":0,"parent":0,"menu_order":0,"comment_status":"closed","ping_status":"closed","template":"","meta":{"_acf_changed":false,"site-sidebar-layout":"no-sidebar","site-content-layout":"page-builder","ast-site-content-layout":"default","site-content-style":"default","site-sidebar-style":"default","ast-global-header-display":"","ast-banner-title-visibility":"","ast-main-header-display":"","ast-hfb-above-header-display":"","ast-hfb-below-header-display":"","ast-hfb-mobile-header-display":"","site-post-title":"disabled","ast-breadcrumbs-content":"","ast-featured-img":"disabled","footer-sml-layout":"","theme-transparent-header-meta":"","adv-header-id-meta":"","stick-header-meta":"","header-above-stick-meta":"","header-main-stick-meta":"","header-below-stick-meta":"","astra-migrate-meta-layouts":"default","ast-page-background-enabled":"default","ast-page-background-meta":{"desktop":{"background-color":"var(--ast-global-color-4)","background-image":"","background-repeat":"repeat","background-position":"center center","background-size":"auto","background-attachment":"scroll","background-type":"","background-media":"","overlay-type":"","overlay-color":"","overlay-opacity":"","overlay-gradient":""},"tablet":{"background-color":"","background-image":"","background-repeat":"repeat","background-position":"center center","background-size":"auto","background-attachment":"scroll","background-type":"","background-media":"","overlay-type":"","overlay-color":"","overlay-opacity":"","overlay-gradient":""},"mobile":{"background-color":"","background-image":"","background-repeat":"repeat","background-position":"center center","background-size":"auto","background-attachment":"scroll","background-type":"","background-media":"","overlay-type":"","overlay-color":"","overlay-opacity":"","overlay-gradient":""}},"ast-content-background-meta":{"desktop":{"background-color":"var(--ast-global-color-5)","background-image":"","background-repeat":"repeat","background-position":"center center","background-size":"auto","background-attachment":"scroll","background-type":"","background-media":"","overlay-type":"","overlay-color":"","overlay-opacity":"","overlay-gradient":""},"tablet":{"background-color":"var(--ast-global-color-5)","background-image":"","background-repeat":"repeat","background-position":"center center","background-size":"auto","background-attachment":"scroll","background-type":"","background-media":"","overlay-type":"","overlay-color":"","overlay-opacity":"","overlay-gradient":""},"mobile":{"background-color":"var(--ast-global-color-5)","background-image":"","background-repeat":"repeat","background-position":"center center","background-size":"auto","background-attachment":"scroll","background-type":"","background-media":"","overlay-type":"","overlay-color":"","overlay-opacity":"","overlay-gradient":""}},"footnotes":""},"class_list":["post-33","page","type-page","status-publish","hentry"],"acf":[],"yoast_head":"<!-- This site is optimized with the Yoast SEO plugin v25.4 - https:\/\/yoast.com\/wordpress\/plugins\/seo\/ -->\n<title>Anmeldelser - Holmberg Training<\/title>\n<meta name=\"robots\" content=\"index, follow, max-snippet:-1, max-image-preview:large, max-video-preview:-1\" \/>\n<link rel=\"canonical\" href=\"https:\/\/holmbergtraining.dk\/en\/anmeldelser\/\" \/>\n<meta property=\"og:locale\" content=\"en_US\" \/>\n<meta property=\"og:type\" content=\"article\" \/>\n<meta property=\"og:title\" content=\"Anmeldelser - Holmberg Training\" \/>\n<meta property=\"og:description\" content=\"Anmeldelser \u201cJeg kontaktede Sebastian fordi jeg l\u00e6nge havde haft et stort \u00f8nske om at tabe mig og samtidig f\u00e5 en tonet og styrket krop.\u00a0Min motivation var stor men jeg f\u00f8lte mig b\u00e5de usikker og modl\u00f8s i et tr\u00e6ningscenter, hvilket afholdt mig fra at tr\u00e6ne.\u00a0 Vi aftalte at tr\u00e6ne sammen to timer om ugen og efter [&hellip;]\" \/>\n<meta property=\"og:url\" content=\"https:\/\/holmbergtraining.dk\/en\/anmeldelser\/\" \/>\n<meta property=\"og:site_name\" content=\"Holmberg Training\" \/>\n<meta property=\"article:modified_time\" content=\"2022-03-31T15:51:40+00:00\" \/>\n<meta property=\"og:image\" content=\"https:\/\/holmbergtraining.dk\/wp-content\/uploads\/elementor\/thumbs\/a_crop-pmogcdiy3awn9phlrtawjgotxn6iqequgautq386ns.jpg\" \/>\n<meta name=\"twitter:card\" content=\"summary_large_image\" \/>\n<meta name=\"twitter:label1\" content=\"Est. reading time\" \/>\n\t<meta name=\"twitter:data1\" content=\"1 minute\" \/>\n<script type=\"application\/ld+json\" class=\"yoast-schema-graph\">{\"@context\":\"https:\/\/schema.org\",\"@graph\":[{\"@type\":\"WebPage\",\"@id\":\"https:\/\/holmbergtraining.dk\/anmeldelser\/\",\"url\":\"https:\/\/holmbergtraining.dk\/anmeldelser\/\",\"name\":\"Anmeldelser - Holmberg Training\",\"isPartOf\":{\"@id\":\"https:\/\/holmbergtraining.dk\/#website\"},\"primaryImageOfPage\":{\"@id\":\"https:\/\/holmbergtraining.dk\/anmeldelser\/#primaryimage\"},\"image\":{\"@id\":\"https:\/\/holmbergtraining.dk\/anmeldelser\/#primaryimage\"},\"thumbnailUrl\":\"https:\/\/holmbergtraining.dk\/wp-content\/uploads\/elementor\/thumbs\/a_crop-pmogcdiy3awn9phlrtawjgotxn6iqequgautq386ns.jpg\",\"datePublished\":\"2022-02-17T16:05:52+00:00\",\"dateModified\":\"2022-03-31T15:51:40+00:00\",\"breadcrumb\":{\"@id\":\"https:\/\/holmbergtraining.dk\/anmeldelser\/#breadcrumb\"},\"inLanguage\":\"en-US\",\"potentialAction\":[{\"@type\":\"ReadAction\",\"target\":[\"https:\/\/holmbergtraining.dk\/anmeldelser\/\"]}]},{\"@type\":\"ImageObject\",\"inLanguage\":\"en-US\",\"@id\":\"https:\/\/holmbergtraining.dk\/anmeldelser\/#primaryimage\",\"url\":\"https:\/\/holmbergtraining.dk\/wp-content\/uploads\/elementor\/thumbs\/a_crop-pmogcdiy3awn9phlrtawjgotxn6iqequgautq386ns.jpg\",\"contentUrl\":\"https:\/\/holmbergtraining.dk\/wp-content\/uploads\/elementor\/thumbs\/a_crop-pmogcdiy3awn9phlrtawjgotxn6iqequgautq386ns.jpg\"},{\"@type\":\"BreadcrumbList\",\"@id\":\"https:\/\/holmbergtraining.dk\/anmeldelser\/#breadcrumb\",\"itemListElement\":[{\"@type\":\"ListItem\",\"position\":1,\"name\":\"Hjem\",\"item\":\"https:\/\/holmbergtraining.dk\/\"},{\"@type\":\"ListItem\",\"position\":2,\"name\":\"Anmeldelser\"}]},{\"@type\":\"WebSite\",\"@id\":\"https:\/\/holmbergtraining.dk\/#website\",\"url\":\"https:\/\/holmbergtraining.dk\/\",\"name\":\"Holmberg Training\",\"description\":\"Personlig Tr\u00e6ning, Sv\u00f8mmetr\u00e6ning og Firmatr\u00e6ning\",\"publisher\":{\"@id\":\"https:\/\/holmbergtraining.dk\/#organization\"},\"potentialAction\":[{\"@type\":\"SearchAction\",\"target\":{\"@type\":\"EntryPoint\",\"urlTemplate\":\"https:\/\/holmbergtraining.dk\/?s={search_term_string}\"},\"query-input\":{\"@type\":\"PropertyValueSpecification\",\"valueRequired\":true,\"valueName\":\"search_term_string\"}}],\"inLanguage\":\"en-US\"},{\"@type\":\"Organization\",\"@id\":\"https:\/\/holmbergtraining.dk\/#organization\",\"name\":\"Holmberg Training\",\"url\":\"https:\/\/holmbergtraining.dk\/\",\"logo\":{\"@type\":\"ImageObject\",\"inLanguage\":\"en-US\",\"@id\":\"https:\/\/holmbergtraining.dk\/#\/schema\/logo\/image\/\",\"url\":\"https:\/\/holmbergtraining.dk\/wp-content\/uploads\/2022\/03\/cropped-cropped-Holmberg-1-e1646318568262-1-e1646318717851-1.png\",\"contentUrl\":\"https:\/\/holmbergtraining.dk\/wp-content\/uploads\/2022\/03\/cropped-cropped-Holmberg-1-e1646318568262-1-e1646318717851-1.png\",\"width\":323,\"height\":63,\"caption\":\"Holmberg Training\"},\"image\":{\"@id\":\"https:\/\/holmbergtraining.dk\/#\/schema\/logo\/image\/\"}}]}<\/script>\n<!-- \/ Yoast SEO plugin. -->","yoast_head_json":{"title":"Anmeldelser - Holmberg Training","robots":{"index":"index","follow":"follow","max-snippet":"max-snippet:-1","max-image-preview":"max-image-preview:large","max-video-preview":"max-video-preview:-1"},"canonical":"https:\/\/holmbergtraining.dk\/en\/anmeldelser\/","og_locale":"en_US","og_type":"article","og_title":"Anmeldelser - Holmberg Training","og_description":"Anmeldelser \u201cJeg kontaktede Sebastian fordi jeg l\u00e6nge havde haft et stort \u00f8nske om at tabe mig og samtidig f\u00e5 en tonet og styrket krop.\u00a0Min motivation var stor men jeg f\u00f8lte mig b\u00e5de usikker og modl\u00f8s i et tr\u00e6ningscenter, hvilket afholdt mig fra at tr\u00e6ne.\u00a0 Vi aftalte at tr\u00e6ne sammen to timer om ugen og efter [&hellip;]","og_url":"https:\/\/holmbergtraining.dk\/en\/anmeldelser\/","og_site_name":"Holmberg Training","article_modified_time":"2022-03-31T15:51:40+00:00","og_image":[{"url":"https:\/\/holmbergtraining.dk\/wp-content\/uploads\/elementor\/thumbs\/a_crop-pmogcdiy3awn9phlrtawjgotxn6iqequgautq386ns.jpg","type":"","width":"","height":""}],"twitter_card":"summary_large_image","twitter_misc":{"Est. reading time":"1 minute"},"schema":{"@context":"https:\/\/schema.org","@graph":[{"@type":"WebPage","@id":"https:\/\/holmbergtraining.dk\/anmeldelser\/","url":"https:\/\/holmbergtraining.dk\/anmeldelser\/","name":"Anmeldelser - Holmberg Training","isPartOf":{"@id":"https:\/\/holmbergtraining.dk\/#website"},"primaryImageOfPage":{"@id":"https:\/\/holmbergtraining.dk\/anmeldelser\/#primaryimage"},"image":{"@id":"https:\/\/holmbergtraining.dk\/anmeldelser\/#primaryimage"},"thumbnailUrl":"https:\/\/holmbergtraining.dk\/wp-content\/uploads\/elementor\/thumbs\/a_crop-pmogcdiy3awn9phlrtawjgotxn6iqequgautq386ns.jpg","datePublished":"2022-02-17T16:05:52+00:00","dateModified":"2022-03-31T15:51:40+00:00","breadcrumb":{"@id":"https:\/\/holmbergtraining.dk\/anmeldelser\/#breadcrumb"},"inLanguage":"en-US","potentialAction":[{"@type":"ReadAction","target":["https:\/\/holmbergtraining.dk\/anmeldelser\/"]}]},{"@type":"ImageObject","inLanguage":"en-US","@id":"https:\/\/holmbergtraining.dk\/anmeldelser\/#primaryimage","url":"https:\/\/holmbergtraining.dk\/wp-content\/uploads\/elementor\/thumbs\/a_crop-pmogcdiy3awn9phlrtawjgotxn6iqequgautq386ns.jpg","contentUrl":"https:\/\/holmbergtraining.dk\/wp-content\/uploads\/elementor\/thumbs\/a_crop-pmogcdiy3awn9phlrtawjgotxn6iqequgautq386ns.jpg"},{"@type":"BreadcrumbList","@id":"https:\/\/holmbergtraining.dk\/anmeldelser\/#breadcrumb","itemListElement":[{"@type":"ListItem","position":1,"name":"Hjem","item":"https:\/\/holmbergtraining.dk\/"},{"@type":"ListItem","position":2,"name":"Anmeldelser"}]},{"@type":"WebSite","@id":"https:\/\/holmbergtraining.dk\/#website","url":"https:\/\/holmbergtraining.dk\/","name":"Holmberg Training","description":"Personlig Tr\u00e6ning, Sv\u00f8mmetr\u00e6ning og Firmatr\u00e6ning","publisher":{"@id":"https:\/\/holmbergtraining.dk\/#organization"},"potentialAction":[{"@type":"SearchAction","target":{"@type":"EntryPoint","urlTemplate":"https:\/\/holmbergtraining.dk\/?s={search_term_string}"},"query-input":{"@type":"PropertyValueSpecification","valueRequired":true,"valueName":"search_term_string"}}],"inLanguage":"en-US"},{"@type":"Organization","@id":"https:\/\/holmbergtraining.dk\/#organization","name":"Holmberg Training","url":"https:\/\/holmbergtraining.dk\/","logo":{"@type":"ImageObject","inLanguage":"en-US","@id":"https:\/\/holmbergtraining.dk\/#\/schema\/logo\/image\/","url":"https:\/\/holmbergtraining.dk\/wp-content\/uploads\/2022\/03\/cropped-cropped-Holmberg-1-e1646318568262-1-e1646318717851-1.png","contentUrl":"https:\/\/holmbergtraining.dk\/wp-content\/uploads\/2022\/03\/cropped-cropped-Holmberg-1-e1646318568262-1-e1646318717851-1.png","width":323,"height":63,"caption":"Holmberg Training"},"image":{"@id":"https:\/\/holmbergtraining.dk\/#\/schema\/logo\/image\/"}}]}},"_links":{"self":[{"href":"https:\/\/holmbergtraining.dk\/en\/wp-json\/wp\/v2\/pages\/33","targetHints":{"allow":["GET"]}}],"collection":[{"href":"https:\/\/holmbergtraining.dk\/en\/wp-json\/wp\/v2\/pages"}],"about":[{"href":"https:\/\/holmbergtraining.dk\/en\/wp-json\/wp\/v2\/types\/page"}],"author":[{"embeddable":true,"href":"https:\/\/holmbergtraining.dk\/en\/wp-json\/wp\/v2\/users\/1"}],"replies":[{"embeddable":true,"href":"https:\/\/holmbergtraining.dk\/en\/wp-json\/wp\/v2\/comments?post=33"}],"version-history":[{"count":19,"href":"https:\/\/holmbergtraining.dk\/en\/wp-json\/wp\/v2\/pages\/33\/revisions"}],"predecessor-version":[{"id":947,"href":"https:\/\/holmbergtraining.dk\/en\/wp-json\/wp\/v2\/pages\/33\/revisions\/947"}],"wp:attachment":[{"href":"https:\/\/holmbergtraining.dk\/en\/wp-json\/wp\/v2\/media?parent=33"}],"curies":[{"name":"wp","href":"https:\/\/api.w.org\/{rel}","templated":true}]}}